{"id":87,"date":"2019-07-29T10:25:52","date_gmt":"2019-07-29T10:25:52","guid":{"rendered":"https:\/\/ckdugoselo.wordpress.com\/?page_id=87"},"modified":"2022-11-21T12:39:54","modified_gmt":"2022-11-21T12:39:54","slug":"nova-50-program-zaposljavanja-zena","status":"publish","type":"page","link":"https:\/\/gdck-dugoselo.hr\/?page_id=87","title":{"rendered":"Projekti"},"content":{"rendered":"\n<p>U okviru operativnog programa U\u010dinkoviti ljudski potencijali 2014. -2020., Gradsko dru\u0161tvo Crvenog kri\u017ea Dugo Selo nositelj je projekta <strong>&#8220;NOVA 50+ &#8211; Program zapo\u0161ljavanja \u017eena II&#8221;<\/strong>. Projekt je sufinancirala Europska unija iz Europskog socijalnog fonda.  <\/p>\n\n\n\n<p>Partneri:<\/p>\n\n\n\n<ul>\n<li>Hrvatski zavod za zapo\u0161ljavanje, Podru\u010dna slu\u017eba Zagreb<\/li>\n\n\n\n<li>Centar za socijalnu skrb Dugo Selo<\/li>\n\n\n\n<li>Grad Dugo Selo<\/li>\n\n\n\n<li>Op\u0107ina Brckovljani<\/li>\n<\/ul>\n\n\n\n<p><strong>Ukupna vrijednost projekta:<\/strong><\/p>\n\n\n\n<ul>\n<li>494.400,00 kn<\/li>\n<\/ul>\n\n\n\n<div class=\"wp-block-group is-layout-constrained wp-block-group-is-layout-constrained\"><div class=\"wp-block-group__inner-container\">\n<h4 class=\"wp-block-heading\">IZVOR FINANCIRANJA:<\/h4>\n\n\n\n<ul>\n<li>Europski socijalni fond (85%),<\/li>\n\n\n\n<li>Dr\u017eavni prora\u010dun Republike Hrvatske (15%)<\/li>\n<\/ul>\n<\/div><\/div>\n\n\n\n<p><strong>DOBROBITI PROJEKTA:<\/strong><\/p>\n\n\n\n<ul>\n<li>vrijednost projekta \u2013 494.400,00 kn<\/li>\n\n\n\n<li>trajanje projekta 8 mjeseci<\/li>\n\n\n\n<li>najmanje 60 starijih i nemo\u0107nih osoba dobit \u0107e pomo\u0107, njegu i skrb<\/li>\n\n\n\n<li>6 mjeseci rada na poslovima pomo\u0107i i njege<\/li>\n\n\n\n<li>10 novozaposlenih \u017eena<\/li>\n\n\n\n<li>sredstva za \u010di\u0161\u0107enje i higijenske potrep\u0161tine kroz 6 mjeseci za starije i nemo\u0107ne osobe u skrbi<\/li>\n<\/ul>\n\n\n\n<p><strong>Pomo\u0107 u ku\u0107i obuhva\u0107a:<\/strong><\/p>\n\n\n\n<ul>\n<li>pomo\u0107 odr\u017eavanju socijalnih kontakata kroz razgovor i<br>\ndru\u017eenje i uklju\u010divanje u organizirane programe za starije (kao pratnja)<\/li>\n\n\n\n<li>pomo\u0107 u odr\u017eavanju osobne higijene i higijene odje\u0107e<\/li>\n\n\n\n<li>pomo\u0107 u pripremanju hrane<\/li>\n\n\n\n<li>pomo\u0107 u dostavi namirnica<\/li>\n\n\n\n<li>pomo\u0107 u dostavi lijekova i kontakta sa lije\u010dnikom<\/li>\n\n\n\n<li>pomo\u0107 u pla\u0107anju ra\u010duna<\/li>\n\n\n\n<li>pomo\u0107 u odr\u017eavanju higijene osnovnog stambenog<br>\nprostora (sobe, kuhinje i kupaonice)<\/li>\n<\/ul>\n\n\n\n<p>Pomo\u0107 se pru\u017ea u onom dijelu u kojem korisnik zbog nemo\u0107i nije sam<br> u mogu\u0107nosti provoditi, a nema mogu\u0107nosti pomo\u0107i bliske rodbine ili skrbnika.<\/p>\n\n\n\n<p><\/p>\n\n\n\n<p><\/p>\n\n\n\n<figure class=\"wp-block-image\"><img loading=\"lazy\" decoding=\"async\" width=\"1024\" height=\"384\" src=\"https:\/\/gdck-dugoselo.hr\/wp-content\/uploads\/2022\/08\/slika-1024x384.png\" alt=\"\" class=\"wp-image-1037\" srcset=\"https:\/\/gdck-dugoselo.hr\/wp-content\/uploads\/2022\/08\/slika-1024x384.png 1024w, https:\/\/gdck-dugoselo.hr\/wp-content\/uploads\/2022\/08\/slika-300x112.png 300w, https:\/\/gdck-dugoselo.hr\/wp-content\/uploads\/2022\/08\/slika-768x288.png 768w, https:\/\/gdck-dugoselo.hr\/wp-content\/uploads\/2022\/08\/slika-700x262.png 700w, https:\/\/gdck-dugoselo.hr\/wp-content\/uploads\/2022\/08\/slika-1068x400.png 1068w, https:\/\/gdck-dugoselo.hr\/wp-content\/uploads\/2022\/08\/slika.png 1260w\" sizes=\"(max-width: 1024px) 100vw, 1024px\" \/><\/figure>\n","protected":false},"excerpt":{"rendered":"<p>U okviru operativnog programa U\u010dinkoviti ljudski potencijali 2014. -2020., Gradsko dru\u0161tvo Crvenog kri\u017ea Dugo Selo nositelj je projekta &#8220;NOVA 50+ &#8211; Program zapo\u0161ljavanja \u017eena II&#8221;. Projekt je sufinancirala Europska unija iz Europskog socijalnog fonda. Partneri: Ukupna vrijednost projekta: IZVOR FINANCIRANJA: DOBROBITI PROJEKTA: Pomo\u0107 u ku\u0107i obuhva\u0107a: Pomo\u0107 se pru\u017ea u onom dijelu u kojem korisnik &hellip; <a href=\"https:\/\/gdck-dugoselo.hr\/?page_id=87\" class=\"more-link\">Continue reading <span class=\"screen-reader-text\">Projekti<\/span> <span class=\"meta-nav\">&rarr;<\/span><\/a><\/p>\n","protected":false},"author":1,"featured_media":0,"parent":0,"menu_order":0,"comment_status":"closed","ping_status":"closed","template":"","meta":{"footnotes":""},"jetpack_sharing_enabled":true,"_links":{"self":[{"href":"https:\/\/gdck-dugoselo.hr\/index.php?rest_route=\/wp\/v2\/pages\/87"}],"collection":[{"href":"https:\/\/gdck-dugoselo.hr\/index.php?rest_route=\/wp\/v2\/pages"}],"about":[{"href":"https:\/\/gdck-dugoselo.hr\/index.php?rest_route=\/wp\/v2\/types\/page"}],"author":[{"embeddable":true,"href":"https:\/\/gdck-dugoselo.hr\/index.php?rest_route=\/wp\/v2\/users\/1"}],"replies":[{"embeddable":true,"href":"https:\/\/gdck-dugoselo.hr\/index.php?rest_route=%2Fwp%2Fv2%2Fcomments&post=87"}],"version-history":[{"count":1,"href":"https:\/\/gdck-dugoselo.hr\/index.php?rest_route=\/wp\/v2\/pages\/87\/revisions"}],"predecessor-version":[{"id":1049,"href":"https:\/\/gdck-dugoselo.hr\/index.php?rest_route=\/wp\/v2\/pages\/87\/revisions\/1049"}],"wp:attachment":[{"href":"https:\/\/gdck-dugoselo.hr\/index.php?rest_route=%2Fwp%2Fv2%2Fmedia&parent=87"}],"curies":[{"name":"wp","href":"https:\/\/api.w.org\/{rel}","templated":true}]}}