{"id":657,"date":"2020-11-19T13:01:09","date_gmt":"2020-11-19T13:01:09","guid":{"rendered":"https:\/\/gdck-dugoselo.hr\/?page_id=657"},"modified":"2020-11-19T13:58:40","modified_gmt":"2020-11-19T13:58:40","slug":"klub-sapica-prijateljstva","status":"publish","type":"page","link":"https:\/\/gdck-dugoselo.hr\/?page_id=657","title":{"rendered":"Klub \u0160apica prijateljstva"},"content":{"rendered":"\n<p>Aktivnosti Kluba su razvijanje humanih odnosa prema \u017eivotinjama, odgovornosti prema prirodi, educiranje o osobinama i potrebama \u017eivotinja, privremeno i trajno zbrinjavanje i udomljavanje napu\u0161tenih ku\u0107nih ljubimaca.<\/p>\n\n\n\n<p>Va\u017ean aspekt edukacije odnosi se na zdravstvenu za\u0161titu i prevenciju iz razloga \u0161to neadekvatno zbrinute i napu\u0161tene \u017eivotinje predstavljaju zdravstvenu opasnost za sve \u017eitelje, a posebno za djecu.<\/p>\n\n\n\n<div class=\"wp-block-jetpack-tiled-gallery aligncenter is-style-rectangular\"><div class=\"tiled-gallery__gallery\"><div class=\"tiled-gallery__row\"><div class=\"tiled-gallery__col\" style=\"flex-basis:100%\"><figure class=\"tiled-gallery__item\"><img decoding=\"async\" srcset=\"https:\/\/i0.wp.com\/gdck-dugoselo.hr\/wp-content\/uploads\/2020\/11\/Klub-sapica-prijateljstva2.jpg?strip=info&#038;w=600&#038;ssl=1 600w,https:\/\/i0.wp.com\/gdck-dugoselo.hr\/wp-content\/uploads\/2020\/11\/Klub-sapica-prijateljstva2.jpg?strip=info&#038;w=626&#038;ssl=1 626w\" alt=\"\" data-height=\"626\" data-id=\"659\" data-link=\"https:\/\/gdck-dugoselo.hr\/?attachment_id=659\" data-url=\"https:\/\/gdck-dugoselo.hr\/wp-content\/uploads\/2020\/11\/Klub-sapica-prijateljstva2.jpg\" data-width=\"626\" src=\"https:\/\/i0.wp.com\/gdck-dugoselo.hr\/wp-content\/uploads\/2020\/11\/Klub-sapica-prijateljstva2.jpg?ssl=1\" layout=\"responsive\"\/><\/figure><\/div><\/div><\/div><\/div>\n\n\n\n<p><\/p>\n","protected":false},"excerpt":{"rendered":"<p>Aktivnosti Kluba su razvijanje humanih odnosa prema \u017eivotinjama, odgovornosti prema prirodi, educiranje o osobinama i potrebama \u017eivotinja, privremeno i trajno zbrinjavanje i udomljavanje napu\u0161tenih ku\u0107nih ljubimaca. Va\u017ean aspekt edukacije odnosi se na zdravstvenu za\u0161titu i prevenciju iz razloga \u0161to neadekvatno zbrinute i napu\u0161tene \u017eivotinje predstavljaju zdravstvenu opasnost za sve \u017eitelje, a posebno za djecu.<\/p>\n","protected":false},"author":1,"featured_media":0,"parent":87,"menu_order":0,"comment_status":"closed","ping_status":"closed","template":"","meta":{"footnotes":""},"jetpack_sharing_enabled":true,"_links":{"self":[{"href":"https:\/\/gdck-dugoselo.hr\/index.php?rest_route=\/wp\/v2\/pages\/657"}],"collection":[{"href":"https:\/\/gdck-dugoselo.hr\/index.php?rest_route=\/wp\/v2\/pages"}],"about":[{"href":"https:\/\/gdck-dugoselo.hr\/index.php?rest_route=\/wp\/v2\/types\/page"}],"author":[{"embeddable":true,"href":"https:\/\/gdck-dugoselo.hr\/index.php?rest_route=\/wp\/v2\/users\/1"}],"replies":[{"embeddable":true,"href":"https:\/\/gdck-dugoselo.hr\/index.php?rest_route=%2Fwp%2Fv2%2Fcomments&post=657"}],"version-history":[{"count":3,"href":"https:\/\/gdck-dugoselo.hr\/index.php?rest_route=\/wp\/v2\/pages\/657\/revisions"}],"predecessor-version":[{"id":674,"href":"https:\/\/gdck-dugoselo.hr\/index.php?rest_route=\/wp\/v2\/pages\/657\/revisions\/674"}],"up":[{"embeddable":true,"href":"https:\/\/gdck-dugoselo.hr\/index.php?rest_route=\/wp\/v2\/pages\/87"}],"wp:attachment":[{"href":"https:\/\/gdck-dugoselo.hr\/index.php?rest_route=%2Fwp%2Fv2%2Fmedia&parent=657"}],"curies":[{"name":"wp","href":"https:\/\/api.w.org\/{rel}","templated":true}]}}