{"id":648,"date":"2020-11-19T12:42:11","date_gmt":"2020-11-19T12:42:11","guid":{"rendered":"https:\/\/gdck-dugoselo.hr\/?page_id=648"},"modified":"2020-11-19T13:09:07","modified_gmt":"2020-11-19T13:09:07","slug":"ljetovanje-socijalno-ugrozene-djece","status":"publish","type":"page","link":"https:\/\/gdck-dugoselo.hr\/?page_id=648","title":{"rendered":"Ljetovanje socijalno ugro\u017eene djece"},"content":{"rendered":"\n<p>Ve\u0107 se vi\u0161e od jedanaest godina mlade\u017ei nudi vrlo povoljno ljetovanje u Kampu Crvenog kri\u017ea u Selcu. U 2019. godini 94 djeteta je ljetovalo je u ovom kampu uz pratnju 9 voditelja.<\/p>\n\n\n\n<div class=\"wp-block-jetpack-tiled-gallery aligncenter is-style-rectangular\"><div class=\"tiled-gallery__gallery\"><div class=\"tiled-gallery__row\"><div class=\"tiled-gallery__col\" style=\"flex-basis:37.384270478831944%\"><figure class=\"tiled-gallery__item\"><img decoding=\"async\" srcset=\"https:\/\/i1.wp.com\/gdck-dugoselo.hr\/wp-content\/uploads\/2020\/11\/Ljetovanje-Selce.jpg?strip=info&#038;w=600&#038;ssl=1 600w,https:\/\/i1.wp.com\/gdck-dugoselo.hr\/wp-content\/uploads\/2020\/11\/Ljetovanje-Selce.jpg?strip=info&#038;w=880&#038;ssl=1 880w\" alt=\"\" data-height=\"621\" data-id=\"649\" data-link=\"https:\/\/gdck-dugoselo.hr\/?attachment_id=649\" data-url=\"https:\/\/gdck-dugoselo.hr\/wp-content\/uploads\/2020\/11\/Ljetovanje-Selce.jpg\" data-width=\"880\" src=\"https:\/\/i1.wp.com\/gdck-dugoselo.hr\/wp-content\/uploads\/2020\/11\/Ljetovanje-Selce.jpg?ssl=1\" layout=\"responsive\"\/><\/figure><figure class=\"tiled-gallery__item\"><img decoding=\"async\" srcset=\"https:\/\/i2.wp.com\/gdck-dugoselo.hr\/wp-content\/uploads\/2020\/11\/Ljetovanje-Selce2.jpg?strip=info&#038;w=444&#038;ssl=1 444w\" alt=\"\" data-height=\"333\" data-id=\"650\" data-link=\"https:\/\/gdck-dugoselo.hr\/?attachment_id=650\" data-url=\"https:\/\/gdck-dugoselo.hr\/wp-content\/uploads\/2020\/11\/Ljetovanje-Selce2.jpg\" data-width=\"444\" src=\"https:\/\/i2.wp.com\/gdck-dugoselo.hr\/wp-content\/uploads\/2020\/11\/Ljetovanje-Selce2.jpg?ssl=1\" layout=\"responsive\"\/><\/figure><figure class=\"tiled-gallery__item\"><img decoding=\"async\" srcset=\"https:\/\/i1.wp.com\/gdck-dugoselo.hr\/wp-content\/uploads\/2020\/11\/Ljetovanje-Selce3.jpg?strip=info&#038;w=444&#038;ssl=1 444w\" alt=\"\" data-height=\"333\" data-id=\"651\" data-link=\"https:\/\/gdck-dugoselo.hr\/?attachment_id=651\" data-url=\"https:\/\/gdck-dugoselo.hr\/wp-content\/uploads\/2020\/11\/Ljetovanje-Selce3.jpg\" data-width=\"444\" src=\"https:\/\/i1.wp.com\/gdck-dugoselo.hr\/wp-content\/uploads\/2020\/11\/Ljetovanje-Selce3.jpg?ssl=1\" layout=\"responsive\"\/><\/figure><\/div><div class=\"tiled-gallery__col\" style=\"flex-basis:62.61572952116806%\"><figure class=\"tiled-gallery__item\"><img decoding=\"async\" srcset=\"https:\/\/i0.wp.com\/gdck-dugoselo.hr\/wp-content\/uploads\/2020\/11\/Ljetovanje-Selce4.jpg?strip=info&#038;w=334&#038;ssl=1 334w\" alt=\"\" data-height=\"445\" data-id=\"652\" data-link=\"https:\/\/gdck-dugoselo.hr\/?attachment_id=652\" data-url=\"https:\/\/gdck-dugoselo.hr\/wp-content\/uploads\/2020\/11\/Ljetovanje-Selce4.jpg\" data-width=\"334\" src=\"https:\/\/i0.wp.com\/gdck-dugoselo.hr\/wp-content\/uploads\/2020\/11\/Ljetovanje-Selce4.jpg?ssl=1\" layout=\"responsive\"\/><\/figure><\/div><\/div><\/div><\/div>\n","protected":false},"excerpt":{"rendered":"<p>Ve\u0107 se vi\u0161e od jedanaest godina mlade\u017ei nudi vrlo povoljno ljetovanje u Kampu Crvenog kri\u017ea u Selcu. U 2019. godini 94 djeteta je ljetovalo je u ovom kampu uz pratnju 9 voditelja.<\/p>\n","protected":false},"author":1,"featured_media":0,"parent":87,"menu_order":0,"comment_status":"closed","ping_status":"closed","template":"","meta":{"footnotes":""},"jetpack_sharing_enabled":true,"_links":{"self":[{"href":"https:\/\/gdck-dugoselo.hr\/index.php?rest_route=\/wp\/v2\/pages\/648"}],"collection":[{"href":"https:\/\/gdck-dugoselo.hr\/index.php?rest_route=\/wp\/v2\/pages"}],"about":[{"href":"https:\/\/gdck-dugoselo.hr\/index.php?rest_route=\/wp\/v2\/types\/page"}],"author":[{"embeddable":true,"href":"https:\/\/gdck-dugoselo.hr\/index.php?rest_route=\/wp\/v2\/users\/1"}],"replies":[{"embeddable":true,"href":"https:\/\/gdck-dugoselo.hr\/index.php?rest_route=%2Fwp%2Fv2%2Fcomments&post=648"}],"version-history":[{"count":2,"href":"https:\/\/gdck-dugoselo.hr\/index.php?rest_route=\/wp\/v2\/pages\/648\/revisions"}],"predecessor-version":[{"id":667,"href":"https:\/\/gdck-dugoselo.hr\/index.php?rest_route=\/wp\/v2\/pages\/648\/revisions\/667"}],"up":[{"embeddable":true,"href":"https:\/\/gdck-dugoselo.hr\/index.php?rest_route=\/wp\/v2\/pages\/87"}],"wp:attachment":[{"href":"https:\/\/gdck-dugoselo.hr\/index.php?rest_route=%2Fwp%2Fv2%2Fmedia&parent=648"}],"curies":[{"name":"wp","href":"https:\/\/api.w.org\/{rel}","templated":true}]}}