{"id":639,"date":"2020-11-19T12:14:12","date_gmt":"2020-11-19T12:14:12","guid":{"rendered":"https:\/\/gdck-dugoselo.hr\/?page_id=639"},"modified":"2020-11-19T12:16:39","modified_gmt":"2020-11-19T12:16:39","slug":"osposobljavanja-i-uvjezbavanja-vjestina-prve-pomoci-i-upotrebe-avd-a-za-vatrogasce-sportske-udruge-i-odgojne-djelatnike","status":"publish","type":"page","link":"https:\/\/gdck-dugoselo.hr\/?page_id=639","title":{"rendered":"Osposobljavanja  i uvje\u017ebavanja vje\u0161tina prve pomo\u0107i i upotrebe AVD-a za vatrogasce, sportske udruge i odgojne djelatnike"},"content":{"rendered":"\n<p>Provo\u0111enja te\u010daja prve pomo\u0107i od 10 \u0161kolskih sati, te nakon toga provo\u0111enje ispita i izdavanje potvrde o uspje\u0161no polo\u017eenom te\u010daju.<\/p>\n\n\n\n<p>Uvje\u017ebavanje osoba koje su zavr\u0161ile te\u010daj iz vje\u0161tina prve pomo\u0107i, te periodi\u010dna obnova ste\u010denih znanja i vje\u0161tina.\u00a0<\/p>\n\n\n\n<div class=\"wp-block-jetpack-tiled-gallery aligncenter is-style-columns\"><div class=\"tiled-gallery__gallery\"><div class=\"tiled-gallery__row\"><div class=\"tiled-gallery__col\" style=\"flex-basis:21.335395304554513%\"><figure class=\"tiled-gallery__item\"><img decoding=\"async\" srcset=\"https:\/\/i2.wp.com\/gdck-dugoselo.hr\/wp-content\/uploads\/2020\/11\/PP-VSO.jpg?strip=info&#038;w=600&#038;ssl=1 600w,https:\/\/i2.wp.com\/gdck-dugoselo.hr\/wp-content\/uploads\/2020\/11\/PP-VSO.jpg?strip=info&#038;w=835&#038;ssl=1 835w\" alt=\"\" data-height=\"444\" data-id=\"640\" data-link=\"https:\/\/gdck-dugoselo.hr\/?attachment_id=640\" data-url=\"https:\/\/gdck-dugoselo.hr\/wp-content\/uploads\/2020\/11\/PP-VSO.jpg\" data-width=\"835\" src=\"https:\/\/i2.wp.com\/gdck-dugoselo.hr\/wp-content\/uploads\/2020\/11\/PP-VSO.jpg?ssl=1\" layout=\"responsive\"\/><\/figure><figure class=\"tiled-gallery__item\"><img decoding=\"async\" srcset=\"https:\/\/i0.wp.com\/gdck-dugoselo.hr\/wp-content\/uploads\/2020\/11\/PP-VSO3.jpg?strip=info&#038;w=600&#038;ssl=1 600w,https:\/\/i0.wp.com\/gdck-dugoselo.hr\/wp-content\/uploads\/2020\/11\/PP-VSO3.jpg?strip=info&#038;w=624&#038;ssl=1 624w\" alt=\"\" data-height=\"380\" data-id=\"642\" data-link=\"https:\/\/gdck-dugoselo.hr\/?attachment_id=642\" data-url=\"https:\/\/gdck-dugoselo.hr\/wp-content\/uploads\/2020\/11\/PP-VSO3.jpg\" data-width=\"624\" src=\"https:\/\/i0.wp.com\/gdck-dugoselo.hr\/wp-content\/uploads\/2020\/11\/PP-VSO3.jpg?ssl=1\" layout=\"responsive\"\/><\/figure><\/div><div class=\"tiled-gallery__col\" style=\"flex-basis:37.970405898655436%\"><figure class=\"tiled-gallery__item\"><img decoding=\"async\" srcset=\"https:\/\/i1.wp.com\/gdck-dugoselo.hr\/wp-content\/uploads\/2020\/11\/PP-VSO2.jpg?strip=info&#038;w=571&#038;ssl=1 571w\" alt=\"\" data-height=\"373\" data-id=\"641\" data-link=\"https:\/\/gdck-dugoselo.hr\/?attachment_id=641\" data-url=\"https:\/\/gdck-dugoselo.hr\/wp-content\/uploads\/2020\/11\/PP-VSO2.jpg\" data-width=\"571\" src=\"https:\/\/i1.wp.com\/gdck-dugoselo.hr\/wp-content\/uploads\/2020\/11\/PP-VSO2.jpg?ssl=1\" layout=\"responsive\"\/><\/figure><\/div><div class=\"tiled-gallery__col\" style=\"flex-basis:40.69419879679004%\"><figure class=\"tiled-gallery__item\"><img decoding=\"async\" srcset=\"https:\/\/i1.wp.com\/gdck-dugoselo.hr\/wp-content\/uploads\/2020\/11\/PP-VSO4.jpg?strip=info&#038;w=600&#038;ssl=1 600w,https:\/\/i1.wp.com\/gdck-dugoselo.hr\/wp-content\/uploads\/2020\/11\/PP-VSO4.jpg?strip=info&#038;w=624&#038;ssl=1 624w\" alt=\"\" data-height=\"380\" data-id=\"643\" data-link=\"https:\/\/gdck-dugoselo.hr\/?attachment_id=643\" data-url=\"https:\/\/gdck-dugoselo.hr\/wp-content\/uploads\/2020\/11\/PP-VSO4.jpg\" data-width=\"624\" src=\"https:\/\/i1.wp.com\/gdck-dugoselo.hr\/wp-content\/uploads\/2020\/11\/PP-VSO4.jpg?ssl=1\" layout=\"responsive\"\/><\/figure><\/div><\/div><\/div><\/div>\n","protected":false},"excerpt":{"rendered":"<p>Provo\u0111enja te\u010daja prve pomo\u0107i od 10 \u0161kolskih sati, te nakon toga provo\u0111enje ispita i izdavanje potvrde o uspje\u0161no polo\u017eenom te\u010daju. Uvje\u017ebavanje osoba koje su zavr\u0161ile te\u010daj iz vje\u0161tina prve pomo\u0107i, te periodi\u010dna obnova ste\u010denih znanja i vje\u0161tina.\u00a0<\/p>\n","protected":false},"author":1,"featured_media":0,"parent":87,"menu_order":0,"comment_status":"closed","ping_status":"closed","template":"","meta":{"footnotes":""},"jetpack_sharing_enabled":true,"_links":{"self":[{"href":"https:\/\/gdck-dugoselo.hr\/index.php?rest_route=\/wp\/v2\/pages\/639"}],"collection":[{"href":"https:\/\/gdck-dugoselo.hr\/index.php?rest_route=\/wp\/v2\/pages"}],"about":[{"href":"https:\/\/gdck-dugoselo.hr\/index.php?rest_route=\/wp\/v2\/types\/page"}],"author":[{"embeddable":true,"href":"https:\/\/gdck-dugoselo.hr\/index.php?rest_route=\/wp\/v2\/users\/1"}],"replies":[{"embeddable":true,"href":"https:\/\/gdck-dugoselo.hr\/index.php?rest_route=%2Fwp%2Fv2%2Fcomments&post=639"}],"version-history":[{"count":4,"href":"https:\/\/gdck-dugoselo.hr\/index.php?rest_route=\/wp\/v2\/pages\/639\/revisions"}],"predecessor-version":[{"id":647,"href":"https:\/\/gdck-dugoselo.hr\/index.php?rest_route=\/wp\/v2\/pages\/639\/revisions\/647"}],"up":[{"embeddable":true,"href":"https:\/\/gdck-dugoselo.hr\/index.php?rest_route=\/wp\/v2\/pages\/87"}],"wp:attachment":[{"href":"https:\/\/gdck-dugoselo.hr\/index.php?rest_route=%2Fwp%2Fv2%2Fmedia&parent=639"}],"curies":[{"name":"wp","href":"https:\/\/api.w.org\/{rel}","templated":true}]}}