{"id":6,"date":"2019-05-30T17:39:31","date_gmt":"2019-05-30T17:39:31","guid":{"rendered":"https:\/\/ckdugoselo.wordpress.com\/?page_id=2"},"modified":"2025-10-23T20:09:40","modified_gmt":"2025-10-23T20:09:40","slug":"home","status":"publish","type":"page","link":"https:\/\/gdck-dugoselo.hr\/","title":{"rendered":"NASLOVNA"},"content":{"rendered":"\n<div data-wp-interactive=\"\" class=\"wp-block-file\"><object data-wp-bind--hidden=\"!selectors.core.file.hasPdfPreview\" hidden class=\"wp-block-file__embed\" data=\"https:\/\/gdck-dugoselo.hr\/wp-content\/uploads\/2025\/10\/sken-natjecaja-ravnatelj-1.pdf\" type=\"application\/pdf\" style=\"width:100%;height:600px\" aria-label=\"Ugra\u0111eno sken-natjecaja-ravnatelj-1.\"><\/object><a id=\"wp-block-file--media-41fa244a-5e5a-472a-80f3-8ce29dc49b20\" href=\"https:\/\/gdck-dugoselo.hr\/wp-content\/uploads\/2025\/10\/sken-natjecaja-ravnatelj-1.pdf\">sken-natjecaja-ravnatelj-1<\/a><a href=\"https:\/\/gdck-dugoselo.hr\/wp-content\/uploads\/2025\/10\/sken-natjecaja-ravnatelj-1.pdf\" class=\"wp-block-file__button wp-element-button\" download aria-describedby=\"wp-block-file--media-41fa244a-5e5a-472a-80f3-8ce29dc49b20\">Preuzmi<\/a><\/div>\n\n\n\n<p><strong>Plan nabave Hrvatskog Crvenog kri\u017ea Gradskog dru\u0161tva Crvenog kri\u017ea Dugo Selo za 2025. godinu<\/strong><\/p>\n\n\n\n<div data-wp-interactive=\"\" class=\"wp-block-file\"><object data-wp-bind--hidden=\"!selectors.core.file.hasPdfPreview\" hidden class=\"wp-block-file__embed\" data=\"https:\/\/gdck-dugoselo.hr\/wp-content\/uploads\/2025\/04\/Plan-nabave-2025-2.pdf\" type=\"application\/pdf\" style=\"width:100%;height:600px\" aria-label=\"Ugra\u0111eno Plan-nabave-2025-2.\"><\/object><a id=\"wp-block-file--media-a0fbd187-5692-45ea-86f2-558504aaecec\" href=\"https:\/\/gdck-dugoselo.hr\/wp-content\/uploads\/2025\/04\/Plan-nabave-2025-2.pdf\">Plan-nabave-2025-2<\/a><a href=\"https:\/\/gdck-dugoselo.hr\/wp-content\/uploads\/2025\/04\/Plan-nabave-2025-2.pdf\" class=\"wp-block-file__button wp-element-button\" download aria-describedby=\"wp-block-file--media-a0fbd187-5692-45ea-86f2-558504aaecec\">Preuzmi<\/a><\/div>\n\n\n\n<p class=\"has-text-align-center\"><a href=\"https:\/\/gdck-dugoselo.hr\/?page_id=1123\">PROJEKT &#8220;NOVA NADA&#8221;<\/a><\/p>\n\n\n<div class=\"wp-block-image\">\n<figure class=\"aligncenter size-large is-resized\"><img loading=\"lazy\" decoding=\"async\" width=\"384\" height=\"342\" src=\"https:\/\/gdck-dugoselo.hr\/wp-content\/uploads\/2021\/01\/eu-logo-zajedno-do-fondova.png\" alt=\"\" class=\"wp-image-837\" style=\"width:326px;height:290px\" srcset=\"https:\/\/gdck-dugoselo.hr\/wp-content\/uploads\/2021\/01\/eu-logo-zajedno-do-fondova.png 384w, https:\/\/gdck-dugoselo.hr\/wp-content\/uploads\/2021\/01\/eu-logo-zajedno-do-fondova-300x267.png 300w\" sizes=\"(max-width: 384px) 100vw, 384px\" \/><figcaption class=\"wp-element-caption\"><a href=\"http:\/\/www.esf.hr\/\">www.esf.hr<\/a> <br><a href=\"https:\/\/strukturnifondovi.hr\/\">www.strukturnifondovi.hr<\/a><\/figcaption><\/figure><\/div>\n\n\n<div class=\"wp-block-cover alignfull has-background-dim-20 has-background-dim has-undefined-content\" style=\"background-image:url('https:\/\/gdck-dugoselo.hr\/wp-content\/uploads\/2019\/07\/6.jpg');background-position:44.5% 43.880599292357%;\">\n<div class=\"wp-block-cover__inner-container\"><\/div>\n<\/div>\n\n\n\n<p><\/p>\n\n\n\n<h2 class=\"wp-block-heading\">Tko smo<\/h2>\n\n\n\n<div class=\"wp-block-media-text alignwide is-stacked-on-mobile\" style=\"grid-template-columns:60% auto\"><figure class=\"wp-block-media-text__media\"><img loading=\"lazy\" decoding=\"async\" width=\"648\" height=\"496\" src=\"https:\/\/gdck-dugoselo.hr\/wp-content\/uploads\/2019\/07\/4.jpg?w=648\" alt=\"\" class=\"wp-image-15 size-full\" srcset=\"https:\/\/gdck-dugoselo.hr\/wp-content\/uploads\/2019\/07\/4.jpg 648w, https:\/\/gdck-dugoselo.hr\/wp-content\/uploads\/2019\/07\/4-300x230.jpg 300w\" sizes=\"(max-width: 648px) 100vw, 648px\" \/><\/figure><div class=\"wp-block-media-text__content\">\n<p style=\"font-size:24px\">Brinemo za za\u0161titu zdravlja te osiguranje po\u0161tivanja ljudske osobe.<\/p>\n<\/div><\/div>\n\n\n\n<div class=\"wp-block-media-text alignwide has-media-on-the-right is-stacked-on-mobile\" style=\"grid-template-columns:auto 60%\"><div class=\"wp-block-media-text__content\">\n<p style=\"font-size:24px\">Poticanje i unapre\u0111enje solidarnosti, promicanje volonterstva i me\u0111usobnog pomaganja te socijalne sigurnosti gra\u0111ana.<\/p>\n<\/div><figure class=\"wp-block-media-text__media\"><img loading=\"lazy\" decoding=\"async\" width=\"1250\" height=\"965\" src=\"https:\/\/gdck-dugoselo.hr\/wp-content\/uploads\/2019\/07\/5.jpg?w=1024\" alt=\"\" class=\"wp-image-16 size-full\" srcset=\"https:\/\/gdck-dugoselo.hr\/wp-content\/uploads\/2019\/07\/5.jpg 1250w, https:\/\/gdck-dugoselo.hr\/wp-content\/uploads\/2019\/07\/5-300x232.jpg 300w, https:\/\/gdck-dugoselo.hr\/wp-content\/uploads\/2019\/07\/5-1024x791.jpg 1024w, https:\/\/gdck-dugoselo.hr\/wp-content\/uploads\/2019\/07\/5-768x593.jpg 768w, https:\/\/gdck-dugoselo.hr\/wp-content\/uploads\/2019\/07\/5-1200x926.jpg 1200w\" sizes=\"(max-width: 1250px) 100vw, 1250px\" \/><\/figure><\/div>\n\n\n\n<hr class=\"wp-block-separator has-css-opacity\"\/>\n\n\n\n<h2 class=\"wp-block-heading\">\u0160to radimo<\/h2>\n\n\n\n<div class=\"wp-block-media-text alignwide is-stacked-on-mobile\" style=\"grid-template-columns:60% auto\"><figure class=\"wp-block-media-text__media\"><img decoding=\"async\" src=\"https:\/\/gdck-dugoselo.hr\/wp-content\/uploads\/2019\/07\/20180109_125057.jpg?w=1024\" alt=\"\" class=\"wp-image-20 size-full\"\/><\/figure><div class=\"wp-block-media-text__content\">\n<p style=\"font-size:24px\">Organiziramo te\u010dajeve prve pomo\u0107i, distribuiramo humanitarnu pomo\u0107 u odje\u0107i i obu\u0107i, hrani i higijeni socijalno ugro\u017eenim obiteljima i pojedincima i jo\u0161 mnogo toga&#8230;.<\/p>\n<\/div><\/div>\n\n\n\n<div class=\"wp-block-media-text alignwide has-media-on-the-right is-stacked-on-mobile\" style=\"grid-template-columns:auto 60%\"><div class=\"wp-block-media-text__content\">\n<p style=\"font-size:24px\"><strong>Va\u0161a pomo\u0107 nam je dobrodo\u0161la<\/strong> &#8211; kontaktirajte nas kako biste saznali kako mo\u017eete volontirati ili donirati.<\/p>\n<\/div><figure class=\"wp-block-media-text__media\"><img loading=\"lazy\" decoding=\"async\" width=\"278\" height=\"285\" src=\"https:\/\/gdck-dugoselo.hr\/wp-content\/uploads\/2019\/07\/kasica-278x285-1.jpg?w=278\" alt=\"\" class=\"wp-image-37 size-full\"\/><\/figure><\/div>\n\n\n\n<hr class=\"wp-block-separator has-css-opacity\"\/>\n\n\n\n<h2 class=\"wp-block-heading\">Kontakt<\/h2>\n\n\n\n<p>Gradsko dru\u0161tvo Crvenog kri\u017ea Dugo Selo<br>Ulica 2. gardijske brigade &#8220;Gromovi&#8221; br. 3, 10370 Dugo Selo<br>Telefon: + 385 1 2753 130, Fax. + 385 1 5808 361, E-mail: info@gdck-dugoselo.hr<\/p>\n\n\n\n<hr class=\"wp-block-separator has-css-opacity\"\/>\n\n\n\n<p class=\"has-small-font-size\">Copyright Gradsko dru\u0161tvo Crvenog kri\u017ea Dugo Selo 2020 &#8211; All rights reserved<\/p>\n","protected":false},"excerpt":{"rendered":"<p>Plan nabave Hrvatskog Crvenog kri\u017ea Gradskog dru\u0161tva Crvenog kri\u017ea Dugo Selo za 2025. godinu PROJEKT &#8220;NOVA NADA&#8221; Tko smo Brinemo za za\u0161titu zdravlja te osiguranje po\u0161tivanja ljudske osobe. Poticanje i unapre\u0111enje solidarnosti, promicanje volonterstva i me\u0111usobnog pomaganja te socijalne sigurnosti gra\u0111ana. \u0160to radimo Organiziramo te\u010dajeve prve pomo\u0107i, distribuiramo humanitarnu pomo\u0107 u odje\u0107i i obu\u0107i, hrani &hellip; <a href=\"https:\/\/gdck-dugoselo.hr\/\" class=\"more-link\">Continue reading <span class=\"screen-reader-text\">NASLOVNA<\/span> <span class=\"meta-nav\">&rarr;<\/span><\/a><\/p>\n","protected":false},"author":1,"featured_media":10,"parent":0,"menu_order":1,"comment_status":"closed","ping_status":"closed","template":"","meta":{"footnotes":""},"jetpack_sharing_enabled":false,"_links":{"self":[{"href":"https:\/\/gdck-dugoselo.hr\/index.php?rest_route=\/wp\/v2\/pages\/6"}],"collection":[{"href":"https:\/\/gdck-dugoselo.hr\/index.php?rest_route=\/wp\/v2\/pages"}],"about":[{"href":"https:\/\/gdck-dugoselo.hr\/index.php?rest_route=\/wp\/v2\/types\/page"}],"author":[{"embeddable":true,"href":"https:\/\/gdck-dugoselo.hr\/index.php?rest_route=\/wp\/v2\/users\/1"}],"replies":[{"embeddable":true,"href":"https:\/\/gdck-dugoselo.hr\/index.php?rest_route=%2Fwp%2Fv2%2Fcomments&post=6"}],"version-history":[{"count":20,"href":"https:\/\/gdck-dugoselo.hr\/index.php?rest_route=\/wp\/v2\/pages\/6\/revisions"}],"predecessor-version":[{"id":1317,"href":"https:\/\/gdck-dugoselo.hr\/index.php?rest_route=\/wp\/v2\/pages\/6\/revisions\/1317"}],"wp:featuredmedia":[{"embeddable":true,"href":"https:\/\/gdck-dugoselo.hr\/index.php?rest_route=\/wp\/v2\/media\/10"}],"wp:attachment":[{"href":"https:\/\/gdck-dugoselo.hr\/index.php?rest_route=%2Fwp%2Fv2%2Fmedia&parent=6"}],"curies":[{"name":"wp","href":"https:\/\/api.w.org\/{rel}","templated":true}]}}