{"id":280,"date":"2019-07-31T13:04:17","date_gmt":"2019-07-31T13:04:17","guid":{"rendered":"https:\/\/ckdugoselo.wordpress.com\/?page_id=280"},"modified":"2024-06-19T11:44:43","modified_gmt":"2024-06-19T11:44:43","slug":"izvjesca","status":"publish","type":"page","link":"https:\/\/gdck-dugoselo.hr\/?page_id=280","title":{"rendered":"Izvje\u0161\u0107a"},"content":{"rendered":"<p>Ovdje mo\u017eete vidjeti izvje\u0161\u0107e o radu GDCK Dugo Selo za 2019.:<\/p>\n<p><a title=\"Izvjesce o radu za 2019\" href=\"https:\/\/gdck-dugoselo.hr\/wp-content\/uploads\/2020\/04\/izvjesce-o-radu-za-2019.pdf\" data-wplink-edit=\"true\">Izvjesce o radu za 2019.\u00a0<\/a><\/p>\n\n\n<p>Ovdje mo\u017eete vidjeti izvje\u0161\u0107e o radu GDCK Dugo Selo za 2020.:<\/p>\n\n\n\n<p><a rel=\"noreferrer noopener\" href=\"https:\/\/gdck-dugoselo.hr\/wp-content\/uploads\/2021\/03\/izvjesce-Crveni-kriz-2020.pdf\" data-type=\"URL\" data-id=\"https:\/\/gdck-dugoselo.hr\/wp-content\/uploads\/2021\/03\/izvjesce-Crveni-kriz-2020.pdf\" target=\"_blank\">Izvjesce o radu za 2020<\/a><a href=\"https:\/\/gdck-dugoselo.hr\/wp-content\/uploads\/2021\/03\/izvjesce-Crveni-kriz-2020.pdf\" data-type=\"URL\" data-id=\"https:\/\/gdck-dugoselo.hr\/wp-content\/uploads\/2021\/03\/izvjesce-Crveni-kriz-2020.pdf\" target=\"_blank\" rel=\"noreferrer noopener\">.<\/a><\/p>\n\n\n\n<p>Ovdje mo\u017eete vidjeti izvje\u0161\u0107e o radu GDCK Dugo Selo za 2021.:<\/p>\n\n\n\n<div class=\"wp-block-file\"><a id=\"wp-block-file--media-33410f36-a7a7-4cfb-a028-904cd6200ff0\" href=\"https:\/\/gdck-dugoselo.hr\/wp-content\/uploads\/2024\/02\/izvjesce-Crveni-kriz-Dugo-Selo-2021.pdf\">izvjesce-Crveni-kriz-Dugo-Selo-2021<\/a><a href=\"https:\/\/gdck-dugoselo.hr\/wp-content\/uploads\/2024\/02\/izvjesce-Crveni-kriz-Dugo-Selo-2021.pdf\" class=\"wp-block-file__button wp-element-button\" download aria-describedby=\"wp-block-file--media-33410f36-a7a7-4cfb-a028-904cd6200ff0\">Preuzmi<\/a><\/div>\n\n\n\n<p>Ovdje mo\u017eete vidjeti izvje\u0161\u0107e o radu GDCK Dugo Selo za 2022.:<\/p>\n\n\n\n<div class=\"wp-block-file\"><a id=\"wp-block-file--media-0ea16c5b-c850-41a3-8a0a-1cc97b6fba01\" href=\"https:\/\/gdck-dugoselo.hr\/wp-content\/uploads\/2024\/02\/Izvjesce-GDCK-Dugo-Selo-2022-1-3.pdf\">Izvjesce-GDCK-Dugo-Selo-2022-1-3<\/a><a href=\"https:\/\/gdck-dugoselo.hr\/wp-content\/uploads\/2024\/02\/Izvjesce-GDCK-Dugo-Selo-2022-1-3.pdf\" class=\"wp-block-file__button wp-element-button\" download aria-describedby=\"wp-block-file--media-0ea16c5b-c850-41a3-8a0a-1cc97b6fba01\">Preuzmi<\/a><\/div>\n\n\n\n<p>Ovdje mo\u017eete vidjeti izvje\u0161\u0107e o radu GDCK Dugo Selo za 2023.:<\/p>\n\n\n\n<div class=\"wp-block-file\"><a id=\"wp-block-file--media-34e2dd8d-ea90-4f04-994e-bdfb7d979e17\" href=\"blob:https:\/\/gdck-dugoselo.hr\/db399606-551d-4d0d-a513-28cc1a329c97\">Izvje\u0161\u0107e GDCK DS 2023<\/a><a href=\"blob:https:\/\/gdck-dugoselo.hr\/db399606-551d-4d0d-a513-28cc1a329c97\" class=\"wp-block-file__button wp-element-button\" download aria-describedby=\"wp-block-file--media-34e2dd8d-ea90-4f04-994e-bdfb7d979e17\">Preuzmi<\/a><\/div>\n","protected":false},"excerpt":{"rendered":"<p>Ovdje mo\u017eete vidjeti izvje\u0161\u0107e o radu GDCK Dugo Selo za 2019.: Izvjesce o radu za 2019.\u00a0 Ovdje mo\u017eete vidjeti izvje\u0161\u0107e o radu GDCK Dugo Selo za 2020.: Izvjesce o radu za 2020. Ovdje mo\u017eete vidjeti izvje\u0161\u0107e o radu GDCK Dugo Selo za 2021.: Ovdje mo\u017eete vidjeti izvje\u0161\u0107e o radu GDCK Dugo Selo za 2022.: Ovdje &hellip; <a href=\"https:\/\/gdck-dugoselo.hr\/?page_id=280\" class=\"more-link\">Continue reading <span class=\"screen-reader-text\">Izvje\u0161\u0107a<\/span> <span class=\"meta-nav\">&rarr;<\/span><\/a><\/p>\n","protected":false},"author":1,"featured_media":0,"parent":64,"menu_order":0,"comment_status":"closed","ping_status":"closed","template":"","meta":{"footnotes":""},"jetpack_sharing_enabled":true,"_links":{"self":[{"href":"https:\/\/gdck-dugoselo.hr\/index.php?rest_route=\/wp\/v2\/pages\/280"}],"collection":[{"href":"https:\/\/gdck-dugoselo.hr\/index.php?rest_route=\/wp\/v2\/pages"}],"about":[{"href":"https:\/\/gdck-dugoselo.hr\/index.php?rest_route=\/wp\/v2\/types\/page"}],"author":[{"embeddable":true,"href":"https:\/\/gdck-dugoselo.hr\/index.php?rest_route=\/wp\/v2\/users\/1"}],"replies":[{"embeddable":true,"href":"https:\/\/gdck-dugoselo.hr\/index.php?rest_route=%2Fwp%2Fv2%2Fcomments&post=280"}],"version-history":[{"count":8,"href":"https:\/\/gdck-dugoselo.hr\/index.php?rest_route=\/wp\/v2\/pages\/280\/revisions"}],"predecessor-version":[{"id":1244,"href":"https:\/\/gdck-dugoselo.hr\/index.php?rest_route=\/wp\/v2\/pages\/280\/revisions\/1244"}],"up":[{"embeddable":true,"href":"https:\/\/gdck-dugoselo.hr\/index.php?rest_route=\/wp\/v2\/pages\/64"}],"wp:attachment":[{"href":"https:\/\/gdck-dugoselo.hr\/index.php?rest_route=%2Fwp%2Fv2%2Fmedia&parent=280"}],"curies":[{"name":"wp","href":"https:\/\/api.w.org\/{rel}","templated":true}]}}