{"id":277,"date":"2019-07-31T13:02:31","date_gmt":"2019-07-31T13:02:31","guid":{"rendered":"https:\/\/ckdugoselo.wordpress.com\/?page_id=277"},"modified":"2020-11-19T11:56:56","modified_gmt":"2020-11-19T11:56:56","slug":"socijalna-samoposluga","status":"publish","type":"page","link":"https:\/\/gdck-dugoselo.hr\/?page_id=277","title":{"rendered":"Socijalna samoposluga &#8220;Ko\u0161arica svjetlosti&#8221;"},"content":{"rendered":"<p><img loading=\"lazy\" decoding=\"async\" class=\" size-full wp-image-420 alignleft\" src=\"https:\/\/gdck-dugoselo.hr\/wp-content\/uploads\/2020\/04\/socijalna-samoposluga.jpg\" alt=\"Socijalna samoposluga\" width=\"211\" height=\"395\" srcset=\"https:\/\/gdck-dugoselo.hr\/wp-content\/uploads\/2020\/04\/socijalna-samoposluga.jpg 211w, https:\/\/gdck-dugoselo.hr\/wp-content\/uploads\/2020\/04\/socijalna-samoposluga-160x300.jpg 160w\" sizes=\"(max-width: 211px) 100vw, 211px\" \/>Od svibnja 2018.g pri na\u0161em Crvenom kri\u017eu djeluje Socijalna samoposluga \u201eKo\u0161arica svjetlosti\u201c, pokrenuta uz financijsku pomo\u0107 HEP-a. Najvi\u0161e donacija pristi\u017ee uglavnom uz vjerske blagdane (Uskrs i Bo\u017ei\u0107), te se podjela vr\u0161i vezano uz taj period u godini. Organizirano prikupljanje provodimo u svibnju, listopadu i prosincu, vezano uz na\u0161e redovne akcije \u201eSolidarnost na djelu\u201c i \u201eVa\u0161 dar za pravu stvar\u201c.<\/p>\n<p>Kroz samoposlugu podijeljeno je u 2019. g 3753 kg hrane i 44 kg higijene.<\/p>\n","protected":false},"excerpt":{"rendered":"<p>Od svibnja 2018.g pri na\u0161em Crvenom kri\u017eu djeluje Socijalna samoposluga \u201eKo\u0161arica svjetlosti\u201c, pokrenuta uz financijsku pomo\u0107 HEP-a. Najvi\u0161e donacija pristi\u017ee uglavnom uz vjerske blagdane (Uskrs i Bo\u017ei\u0107), te se podjela vr\u0161i vezano uz taj period u godini. Organizirano prikupljanje provodimo u svibnju, listopadu i prosincu, vezano uz na\u0161e redovne akcije \u201eSolidarnost na djelu\u201c i \u201eVa\u0161 &hellip; <a href=\"https:\/\/gdck-dugoselo.hr\/?page_id=277\" class=\"more-link\">Continue reading <span class=\"screen-reader-text\">Socijalna samoposluga &#8220;Ko\u0161arica svjetlosti&#8221;<\/span> <span class=\"meta-nav\">&rarr;<\/span><\/a><\/p>\n","protected":false},"author":1,"featured_media":19,"parent":87,"menu_order":0,"comment_status":"closed","ping_status":"closed","template":"","meta":{"footnotes":""},"jetpack_sharing_enabled":true,"_links":{"self":[{"href":"https:\/\/gdck-dugoselo.hr\/index.php?rest_route=\/wp\/v2\/pages\/277"}],"collection":[{"href":"https:\/\/gdck-dugoselo.hr\/index.php?rest_route=\/wp\/v2\/pages"}],"about":[{"href":"https:\/\/gdck-dugoselo.hr\/index.php?rest_route=\/wp\/v2\/types\/page"}],"author":[{"embeddable":true,"href":"https:\/\/gdck-dugoselo.hr\/index.php?rest_route=\/wp\/v2\/users\/1"}],"replies":[{"embeddable":true,"href":"https:\/\/gdck-dugoselo.hr\/index.php?rest_route=%2Fwp%2Fv2%2Fcomments&post=277"}],"version-history":[{"count":2,"href":"https:\/\/gdck-dugoselo.hr\/index.php?rest_route=\/wp\/v2\/pages\/277\/revisions"}],"predecessor-version":[{"id":656,"href":"https:\/\/gdck-dugoselo.hr\/index.php?rest_route=\/wp\/v2\/pages\/277\/revisions\/656"}],"up":[{"embeddable":true,"href":"https:\/\/gdck-dugoselo.hr\/index.php?rest_route=\/wp\/v2\/pages\/87"}],"wp:featuredmedia":[{"embeddable":true,"href":"https:\/\/gdck-dugoselo.hr\/index.php?rest_route=\/wp\/v2\/media\/19"}],"wp:attachment":[{"href":"https:\/\/gdck-dugoselo.hr\/index.php?rest_route=%2Fwp%2Fv2%2Fmedia&parent=277"}],"curies":[{"name":"wp","href":"https:\/\/api.w.org\/{rel}","templated":true}]}}