{"id":260,"date":"2019-07-31T12:47:08","date_gmt":"2019-07-31T12:47:08","guid":{"rendered":"https:\/\/ckdugoselo.wordpress.com\/?page_id=260"},"modified":"2019-07-31T12:47:08","modified_gmt":"2019-07-31T12:47:08","slug":"zakon-o-zastiti-znaka-ck","status":"publish","type":"page","link":"https:\/\/gdck-dugoselo.hr\/?page_id=260","title":{"rendered":"Zakon o za\u0161titi znaka CK"},"content":{"rendered":"<p><img loading=\"lazy\" decoding=\"async\" class=\"  wp-image-455 alignleft\" src=\"https:\/\/gdck-dugoselo.hr\/wp-content\/uploads\/2020\/04\/znak-crveni-kriz.jpg\" alt=\"Znak-crveni-kriz\" width=\"295\" height=\"178\" \/>Hrvatski Crveni kri\u017e podsje\u0107a kako je svim pojedincima kao i organizacijama, zajednicama, udrugama, trgova\u010dkim dru\u0161tvima javnim ili privatnim, zabranjena u svako doba uporaba bez ovla\u0161tenja, znaka ili naziva \u00abCrveni kri\u017e\u00bb, kao i svakog znaka ili naziva koji je njihova imitacija.<\/p>\n<p>U svrhu po\u0161tivanja pravila koja se odnose na uporabu znaka Crvenog kri\u017ea, naziva \u00abHrvatski Crveni kri\u017e\u00bb, kao i spre\u010davanje uporabe i zlouporabe istih, Hrvatski Crveni kri\u017e podsje\u0107a da pravo uporabe naziva \u00bbHrvatski Crveni kri\u017e\u00ab ima isklju\u010divo Nacionalno dru\u0161tvo Hrvatski Crveni kri\u017e, njegova tijela i ustrojstveni oblici i da nitko ne smije koristiti znak crvenog kri\u017ea ni naziv Crvenog kri\u017ea ako \u017denevskim konvencijama i Zakonom o Hrvatskom Crvenom kri\u017eu nije za to ovla\u0161ten.<\/p>\n<p>Znak crvenog kri\u017ea na bijelom polju prvi je najpoznatiji i najzna\u010dajniji simbol neutralne za\u0161tite u sukobima i u vrijeme rata, \u010dija uporaba datira od 26. listopada 1863. Kako bi znak bio efikasan i kako bi ispunio tu svrhu, isti mora biti prihva\u0107en i u\u017eivati potpuno povjerenje i pouzdanost i u vrijeme mira, njegova je neovla\u0161tena uporaba nedopu\u0161tena. Te je Prvom \u017denevskom konvencijom od 12. kolovoza 1949. (&#8220;Narodne novine&#8221; &#8211; Me\u0111unarodni ugovori, broj 05\/94.), i propisano \u010dlankom 44. \u010diji mjerodavni dio glasi:<\/p>\n<p>&#8220;\u010clanak 44.<br \/>\nObilje\u017eje crvenog kri\u017ea na bijelom polju i rije\u010di &#8220;Crveni kri\u017e&#8221; ili &#8220;\u017denevski kri\u017e&#8221; mogu se, izuzimaju\u0107i slu\u010dajeve navedene u slijede\u0107im stavcima ovoga \u010clanka, upotrebljavati, bilo u vrijeme mira ili u vrijeme rata, samo radi ozna\u010davanja ili za\u0161tite sanitetskih jedinica i ustanova, osoblja i materijala za\u0161ti\u0107enih ovom Konvencijom i drugim me\u0111unarodnim konvencijama koje ureduju sli\u010dna pitanja. Isto vrijedi \u0161to se ti\u010de obilje\u017eja navedenih u \u010clanku 38, stavak drugi, za zemlje koje ih upotrebljavaju. Nacionalna dru\u0161tva Crvenog kri\u017ea i druga dru\u0161tva navedena u \u010clanku 26. imaju pravo na upotrebu znaka raspoznavanja kojim se pru\u017ea za\u0161tita Konvencije samo u okviru odredaba ovoga stavka.<\/p>\n<p>(&#8230;)<\/p>\n<p>Me\u0111unarodnim organizacijama Crvenog kri\u017ea i njihovom propisno ovla\u0161tenom osoblju dopu\u0161teno je da u svako doba upotrebljavaju znak crvenog kri\u017ea na bijelom polju.<br \/>\nIznimno, u skladu s nacionalnim zakonodavstvom i uz izri\u010dito odobrenje nekoga od nacionalnih dru\u0161tava Crvenog kri\u017ea (Crvenog polumjeseca, Crvenog lava i sunca), mo\u017ee se obilje\u017eje ove Konvencije upotrebljavati u doba mira za ozna\u010davanje vozila koja slu\u017ee kao ambulantna kola i za ozna\u010davanje stanica za pomo\u0107 isklju\u010divo namijenjenih pru\u017eanju besplatne njege ranjenicima ili bolesnicima.&#8221;<\/p>\n<p>Nadalje, mjerodavnim dijelom \u010dlanka 53. Prve Konvencije propisano je da je svim pojedincima, dru\u0161tvima ili poduzetnim ili privatnim, osim onima koji na to imaju pravo na temelju Konvencije, zabranjena u svako doba uporaba obilje\u017eja ili naziva &#8220;Crveni kri\u017e. ili &#8220;\u017denevski kri\u017e&#8221;, kao i svakog znaka ili naziva koji je njihova imitacija, bez obzira na svrhu te uporabe i na datum njihova usvajanja.<\/p>\n<p>Na nacionalnom nivou Republika Hrvatska, uredila je Zakonom o Hrvatskom Crvenom kri\u017eu (&#8220;Narodne novine&#8221; broj 71\/10.), \u010dlankom 12. st. 3., uvjete i na\u010din uporabe i za\u0161tita znaka i naziva Crvenog kri\u017ea, \u010diji mjerodavni dio glasi:<\/p>\n<p>&#8220;Pravo uporabe naziva\u00a0&#8220;Hrvatski Crveni kri\u017e&#8221; ima isklju\u010divo nacionalno dru\u0161tvo Hrvatski Crveni kri\u017e, njegova tijela i ustrojstveni oblici.&#8221;<\/p>\n<p>te nadalje :<\/p>\n<p>&#8220;\u010clanak 13.<br \/>\nNitko ne smije koristiti znak crvenog kri\u017ea ni naziv Crvenog kri\u017ea ako \u017denevskim konvencijama i ovim Zakonom nije za to ovla\u0161ten.&#8221;<br \/>\nUporaba znaka, njegovih imitacija kao i naziva Crvenog kri\u017ea od strane subjekata koji nisu za to ovla\u0161teni, ka\u017enjivo je djelo (i do 50.000,00 kn) po \u010dlanku 40. Zakona o Hrvatskom Crvenom kri\u017eu.<\/p>\n<p>Znak Crvenog kri\u017ea \u0161titi se i Kaznenim zakonom (&#8220;Narodne novine&#8221;, broj 125\/11,144\/12, 56\/15, 61\/15, 101\/17, 118\/18), \u010dlankom 93., kad se radi o njegovoj zlouporabi, predvi\u0111enim kaznenim djelom &#8220;Zlouporaba me\u0111unarodnih znakova&#8221;, kao \u0161to se \u0161titi i ugled Me\u0111unarodnog Crvenog kri\u017ea, kao priznate me\u0111unarodne organizacije, \u010dlankom 356. istog Zakona, kojim je predvi\u0111eno kazneno djelo &#8220;Povreda ugleda strane dr\u017eave i me\u0111unarodne organizacije&#8221; te <a href=\"http:\/\/narodne-novine.nn.hr\/clanci\/sluzbeni\/2018_05_49_976.html\" target=\"_blank\" rel=\"noopener noreferrer\">Pravilnikom o na\u010dinu kori\u0161tenja znaka crvenog kri\u017ea u Hrvatskom Crvenom kri\u017eu i njegovim ustrojstvenim oblicima. <\/a><\/p>\n","protected":false},"excerpt":{"rendered":"<p>Hrvatski Crveni kri\u017e podsje\u0107a kako je svim pojedincima kao i organizacijama, zajednicama, udrugama, trgova\u010dkim dru\u0161tvima javnim ili privatnim, zabranjena u svako doba uporaba bez ovla\u0161tenja, znaka ili naziva \u00abCrveni kri\u017e\u00bb, kao i svakog znaka ili naziva koji je njihova imitacija. U svrhu po\u0161tivanja pravila koja se odnose na uporabu znaka Crvenog kri\u017ea, naziva \u00abHrvatski Crveni &hellip; <a href=\"https:\/\/gdck-dugoselo.hr\/?page_id=260\" class=\"more-link\">Continue reading <span class=\"screen-reader-text\">Zakon o za\u0161titi znaka CK<\/span> <span class=\"meta-nav\">&rarr;<\/span><\/a><\/p>\n","protected":false},"author":1,"featured_media":0,"parent":237,"menu_order":0,"comment_status":"closed","ping_status":"closed","template":"","meta":{"footnotes":""},"jetpack_sharing_enabled":true,"_links":{"self":[{"href":"https:\/\/gdck-dugoselo.hr\/index.php?rest_route=\/wp\/v2\/pages\/260"}],"collection":[{"href":"https:\/\/gdck-dugoselo.hr\/index.php?rest_route=\/wp\/v2\/pages"}],"about":[{"href":"https:\/\/gdck-dugoselo.hr\/index.php?rest_route=\/wp\/v2\/types\/page"}],"author":[{"embeddable":true,"href":"https:\/\/gdck-dugoselo.hr\/index.php?rest_route=\/wp\/v2\/users\/1"}],"replies":[{"embeddable":true,"href":"https:\/\/gdck-dugoselo.hr\/index.php?rest_route=%2Fwp%2Fv2%2Fcomments&post=260"}],"version-history":[{"count":0,"href":"https:\/\/gdck-dugoselo.hr\/index.php?rest_route=\/wp\/v2\/pages\/260\/revisions"}],"up":[{"embeddable":true,"href":"https:\/\/gdck-dugoselo.hr\/index.php?rest_route=\/wp\/v2\/pages\/237"}],"wp:attachment":[{"href":"https:\/\/gdck-dugoselo.hr\/index.php?rest_route=%2Fwp%2Fv2%2Fmedia&parent=260"}],"curies":[{"name":"wp","href":"https:\/\/api.w.org\/{rel}","templated":true}]}}