{"id":256,"date":"2019-07-31T12:43:55","date_gmt":"2019-07-31T12:43:55","guid":{"rendered":"https:\/\/ckdugoselo.wordpress.com\/?page_id=256"},"modified":"2019-07-31T12:43:55","modified_gmt":"2019-07-31T12:43:55","slug":"medunarodno-humanitarno-pravo","status":"publish","type":"page","link":"https:\/\/gdck-dugoselo.hr\/?page_id=256","title":{"rendered":"Me\u0111unarodno humanitarno pravo"},"content":{"rendered":"<p><img loading=\"lazy\" decoding=\"async\" class=\"  wp-image-400 alignleft\" src=\"https:\/\/gdck-dugoselo.hr\/wp-content\/uploads\/2020\/04\/medj.-humanitarno-pravo-2.jpg\" alt=\"Medj. humanitarno pravo 2\" width=\"308\" height=\"202\" \/>Pravni temelj za djelovanje Hrvatskog Crvenog kri\u017ea na podru\u010dju me\u0111unarodnog humanitarnog prava proizlazi iz ugovora o me\u0111unarodnom humanitarnom pravu i nacionalnog zakonodavstva.<\/p>\n<p>Vlada Republike Hrvatske, na sjednici odr\u017eanoj dana 13. studenoga 1992. godine donijela je <strong>&#8220;<a href=\"https:\/\/narodne-novine.nn.hr\/clanci\/medunarodni\/full\/1992_11_1_1.html\">Odluku o objavljivanju mnogostranih me\u0111unarodnih ugovora kojih je Republika Hrvatska stranka na temelju notifikacije o sukcesiji<\/a>&#8221; <\/strong>( Narodne novine 1\/92) u kojoj izme\u0111u ostalog pi\u0161e:<\/p>\n<p>&#8220;Notifikacijama o sukcesiji Republika Hrvatska stranka je, od 8. listopada 1991. sljede\u0107ih mnogostranih me\u0111unarodnih ugovora:<\/p>\n<ol>\n<li>\u017denevske konvencije za pobolj\u0161anje polo\u017eaja ranjenika i bolesnika u oru\u017eanim snagama u ratu od 12. kolovoza 1949. (\u017deneva, 12. kolovoza 1949.), Slu\u017ebeni vjesnik Prezidijuma Narodne skup\u0161tine FNRJ broj 6\/1950. od 15. rujna 1950.<\/li>\n<li>\u017denevske konvencije za pobolj\u0161anje polo\u017eaja ranjenika, bolesnika i brodolomaca oru\u017eanih snaga na moru od 12. kolovoza 1949. (\u017deneva, 12. kolovoza 1949.) Slu\u017ebeni vjesnik Prezidijuma Narodne skup\u0161tine FNRJ broj 6\/1950. od 15. rujna 1950.<\/li>\n<li>\u017denevske konvencije o postupanju s ratnim zarobljenicima od 12. kolovoza 1949. (\u017deneva, 12. kolovoza 1949.) Slu\u017ebeni vjesnik Prezidijuma Narodne skup\u0161tine FNRJ broj 6\/1950. od 15. rujna 1950.<\/li>\n<li>\u017denevske konvencije o za\u0161titi gra\u0111anskih osoba za vrijeme rata od 12. kolovoza 1949. (\u017deneva, 12. kolovoza 1949.) Slu\u017ebeni vjesnik Prezidijuma Narodne skup\u0161tine FNRJ broj 6\/1950. od 15. rujna 1950.<\/li>\n<li>Dopunskog protokola uz \u017denevske konvencije od 12. kolovoza 1949. o za\u0161titi \u017ertava me\u0111unarodnih oru\u017eanih sukoba (Protokol I) (\u017deneva, 8. lipnja 1977.) Slu\u017ebeni list SFRJ \u2013 Me\u0111unarodni ugovori 16\/1978. od 28. prosinca 1978.<\/li>\n<li>Dopunskog protokola uz \u017denevske konvencije od 12. kolovoza 1949. o za\u0161titi \u017ertava neme\u0111unarodnih oru\u017eanih sukoba (Protokol II) (\u017deneva, 8. lipnja 1977.) Slu\u017ebeni list SFRJ \u2013 Me\u0111unarodni ugovori 16\/1978. od 18. prosinca 1978.&#8221;<\/li>\n<\/ol>\n<p>Postaju\u0107i strankom navedenih ugovora me\u0111unarodnog humanitarnog prava, Republika Hrvatska je prihvatila obveze koje iz njih proizlaze.<\/p>\n","protected":false},"excerpt":{"rendered":"<p>Pravni temelj za djelovanje Hrvatskog Crvenog kri\u017ea na podru\u010dju me\u0111unarodnog humanitarnog prava proizlazi iz ugovora o me\u0111unarodnom humanitarnom pravu i nacionalnog zakonodavstva. Vlada Republike Hrvatske, na sjednici odr\u017eanoj dana 13. studenoga 1992. godine donijela je &#8220;Odluku o objavljivanju mnogostranih me\u0111unarodnih ugovora kojih je Republika Hrvatska stranka na temelju notifikacije o sukcesiji&#8221; ( Narodne novine 1\/92) &hellip; <a href=\"https:\/\/gdck-dugoselo.hr\/?page_id=256\" class=\"more-link\">Continue reading <span class=\"screen-reader-text\">Me\u0111unarodno humanitarno pravo<\/span> <span class=\"meta-nav\">&rarr;<\/span><\/a><\/p>\n","protected":false},"author":1,"featured_media":399,"parent":237,"menu_order":0,"comment_status":"closed","ping_status":"closed","template":"","meta":{"footnotes":""},"jetpack_sharing_enabled":true,"_links":{"self":[{"href":"https:\/\/gdck-dugoselo.hr\/index.php?rest_route=\/wp\/v2\/pages\/256"}],"collection":[{"href":"https:\/\/gdck-dugoselo.hr\/index.php?rest_route=\/wp\/v2\/pages"}],"about":[{"href":"https:\/\/gdck-dugoselo.hr\/index.php?rest_route=\/wp\/v2\/types\/page"}],"author":[{"embeddable":true,"href":"https:\/\/gdck-dugoselo.hr\/index.php?rest_route=\/wp\/v2\/users\/1"}],"replies":[{"embeddable":true,"href":"https:\/\/gdck-dugoselo.hr\/index.php?rest_route=%2Fwp%2Fv2%2Fcomments&post=256"}],"version-history":[{"count":0,"href":"https:\/\/gdck-dugoselo.hr\/index.php?rest_route=\/wp\/v2\/pages\/256\/revisions"}],"up":[{"embeddable":true,"href":"https:\/\/gdck-dugoselo.hr\/index.php?rest_route=\/wp\/v2\/pages\/237"}],"wp:featuredmedia":[{"embeddable":true,"href":"https:\/\/gdck-dugoselo.hr\/index.php?rest_route=\/wp\/v2\/media\/399"}],"wp:attachment":[{"href":"https:\/\/gdck-dugoselo.hr\/index.php?rest_route=%2Fwp%2Fv2%2Fmedia&parent=256"}],"curies":[{"name":"wp","href":"https:\/\/api.w.org\/{rel}","templated":true}]}}