{"id":195,"date":"2019-07-30T13:37:28","date_gmt":"2019-07-30T13:37:28","guid":{"rendered":"https:\/\/ckdugoselo.wordpress.com\/?page_id=195"},"modified":"2019-07-30T13:37:28","modified_gmt":"2019-07-30T13:37:28","slug":"fead-ii","status":"publish","type":"page","link":"https:\/\/gdck-dugoselo.hr\/?page_id=195","title":{"rendered":"FEAD II"},"content":{"rendered":"\n<p>Fond europske pomo\u0107i za najpotrebitije zamjenjuje dosada\u0161nji Program  raspodjele hrane najsiroma\u0161nijima, uspostavljen jo\u0161 1987. godine u  okviru Zajedni\u010dke poljoprivredne politike, a kroz koji su se  distribuirali prehrambeni vi\u0161kovi najsiroma\u0161nijima. S obzirom na rastu\u0107u  stopu siroma\u0161tva u cijeloj Europskoj uniji, Fondu su dodijeljena ve\u0107a  financijska sredstva te je pro\u0161iren na na\u010din da osim raspodjele hrane  sada uklju\u010duje i raspodjelu osnovne materijalne pomo\u0107i te financiranje  aktivnosti socijalne uklju\u010denosti. <\/p>\n\n\n\n<p>Cilj Fonda je promicanje socijalne kohezije i socijalne uklju\u010denosti  pridonose\u0107i smanjenju siroma\u0161tva, posebice te\u0161kih oblika siroma\u0161tva  poput dje\u010djeg siroma\u0161tva, besku\u0107ni\u0161tva i nedostatka hrane. Putem Fonda  se pru\u017ea nefinancijska pomo\u0107 najpotrebitijim osobama, poput hrane i  osnovne materijalne pomo\u0107i (kao \u0161to su odje\u0107a, higijenski proizvodi,  \u0161kolski pribor i sli\u010dno) te aktivnosti socijalnog uklju\u010divanja usmjerene  na najpotrebitije osobe. <\/p>\n\n\n\n<p><strong>U FEAD \u201eHumanitarni paket za sredi\u0161nju Hrvatsku II\u201c projekt uklju\u010deno je i Gradsko dru\u0161tvo Crvenog kri\u017ea Dugo Selo kao partner Hrvatskom Crvenom kri\u017eu. <\/strong><\/p>\n\n\n\n<p>U sklopu projekta zaprimljeni su i podijeljeni paketi hrane i higijene, \u0161kolskog pribora za socijalno ugro\u017eene obitelji i pojedince.<\/p>\n\n\n\n<figure class=\"wp-block-image size-large\"><img loading=\"lazy\" decoding=\"async\" width=\"2122\" height=\"298\" src=\"https:\/\/gdck-dugoselo.hr\/wp-content\/uploads\/2019\/07\/fead-ii.png\" alt=\"\" class=\"wp-image-200\" srcset=\"https:\/\/gdck-dugoselo.hr\/wp-content\/uploads\/2019\/07\/fead-ii.png 2122w, https:\/\/gdck-dugoselo.hr\/wp-content\/uploads\/2019\/07\/fead-ii-300x42.png 300w, https:\/\/gdck-dugoselo.hr\/wp-content\/uploads\/2019\/07\/fead-ii-1024x144.png 1024w, https:\/\/gdck-dugoselo.hr\/wp-content\/uploads\/2019\/07\/fead-ii-768x108.png 768w, https:\/\/gdck-dugoselo.hr\/wp-content\/uploads\/2019\/07\/fead-ii-1536x216.png 1536w, https:\/\/gdck-dugoselo.hr\/wp-content\/uploads\/2019\/07\/fead-ii-2048x288.png 2048w, https:\/\/gdck-dugoselo.hr\/wp-content\/uploads\/2019\/07\/fead-ii-1200x169.png 1200w, https:\/\/gdck-dugoselo.hr\/wp-content\/uploads\/2019\/07\/fead-ii-1980x278.png 1980w\" sizes=\"(max-width: 2122px) 100vw, 2122px\" \/><\/figure>\n","protected":false},"excerpt":{"rendered":"<p>Fond europske pomo\u0107i za najpotrebitije zamjenjuje dosada\u0161nji Program raspodjele hrane najsiroma\u0161nijima, uspostavljen jo\u0161 1987. godine u okviru Zajedni\u010dke poljoprivredne politike, a kroz koji su se distribuirali prehrambeni vi\u0161kovi najsiroma\u0161nijima. S obzirom na rastu\u0107u stopu siroma\u0161tva u cijeloj Europskoj uniji, Fondu su dodijeljena ve\u0107a financijska sredstva te je pro\u0161iren na na\u010din da osim raspodjele hrane sada &hellip; <a href=\"https:\/\/gdck-dugoselo.hr\/?page_id=195\" class=\"more-link\">Continue reading <span class=\"screen-reader-text\">FEAD II<\/span> <span class=\"meta-nav\">&rarr;<\/span><\/a><\/p>\n","protected":false},"author":1,"featured_media":203,"parent":87,"menu_order":0,"comment_status":"closed","ping_status":"closed","template":"","meta":{"footnotes":""},"jetpack_sharing_enabled":true,"_links":{"self":[{"href":"https:\/\/gdck-dugoselo.hr\/index.php?rest_route=\/wp\/v2\/pages\/195"}],"collection":[{"href":"https:\/\/gdck-dugoselo.hr\/index.php?rest_route=\/wp\/v2\/pages"}],"about":[{"href":"https:\/\/gdck-dugoselo.hr\/index.php?rest_route=\/wp\/v2\/types\/page"}],"author":[{"embeddable":true,"href":"https:\/\/gdck-dugoselo.hr\/index.php?rest_route=\/wp\/v2\/users\/1"}],"replies":[{"embeddable":true,"href":"https:\/\/gdck-dugoselo.hr\/index.php?rest_route=%2Fwp%2Fv2%2Fcomments&post=195"}],"version-history":[{"count":0,"href":"https:\/\/gdck-dugoselo.hr\/index.php?rest_route=\/wp\/v2\/pages\/195\/revisions"}],"up":[{"embeddable":true,"href":"https:\/\/gdck-dugoselo.hr\/index.php?rest_route=\/wp\/v2\/pages\/87"}],"wp:featuredmedia":[{"embeddable":true,"href":"https:\/\/gdck-dugoselo.hr\/index.php?rest_route=\/wp\/v2\/media\/203"}],"wp:attachment":[{"href":"https:\/\/gdck-dugoselo.hr\/index.php?rest_route=%2Fwp%2Fv2%2Fmedia&parent=195"}],"curies":[{"name":"wp","href":"https:\/\/api.w.org\/{rel}","templated":true}]}}