{"id":143,"date":"2019-07-30T10:08:47","date_gmt":"2019-07-30T10:08:47","guid":{"rendered":"https:\/\/ckdugoselo.wordpress.com\/?page_id=143"},"modified":"2019-07-30T10:08:47","modified_gmt":"2019-07-30T10:08:47","slug":"humanitarna-pomoc","status":"publish","type":"page","link":"https:\/\/gdck-dugoselo.hr\/?page_id=143","title":{"rendered":"Humanitarna pomo\u0107"},"content":{"rendered":"<p><img loading=\"lazy\" decoding=\"async\" class=\"  wp-image-429 alignleft\" src=\"https:\/\/gdck-dugoselo.hr\/wp-content\/uploads\/2020\/04\/podjela-odjece-1.jpg\" alt=\"Podjela odjece\" width=\"303\" height=\"259\" \/>Distribucija humanitarne pomo\u0107i u odje\u0107i i obu\u0107i te\u010de kontinuirano i prema potrebi.<br \/>Odje\u0107a i obu\u0107a redovno se dijeli svim zainteresiranim osobama.<br \/>Radi se isklju\u010divo o odje\u0107i i obu\u0107i doniranoj od sugra\u0111ana.<\/p>\n\n<p>Dobra suradnja postoji i sa Patrona\u017enom slu\u017ebom kojoj se prema dojavi poma\u017ee uvijek kad se pojavi potreba. Na isti se na\u010din sura\u0111uje sa \u0161kolama, pri \u010demu se poma\u017ee u osiguravanju odje\u0107e, obu\u0107e i opreme za u\u010denike na\u0161ih \u0161kola.<br \/>Posljednjih godina posebno se intenzivirala suradnja sa Centrom za socijalnu skrb Dugo Selo oko pomo\u0107i socijalno ugro\u017eenim gra\u0111anima.<\/p>\n\n<p><strong>Socijalna samoposluga<\/strong><\/p>\n\n<p><img loading=\"lazy\" decoding=\"async\" class=\"  wp-image-430 alignleft\" src=\"https:\/\/gdck-dugoselo.hr\/wp-content\/uploads\/2020\/04\/socijalna-samoposluga-2.jpg\" alt=\"Socijalna samoposluga 2\" width=\"304\" height=\"330\" \/>Od svibnja 2018. pri na\u0161em Crvenom kri\u017eu djeluje Socijalna samoposluga \u201eKo\u0161arica svjetlosti\u201c, pokrenuta uz financijsku pomo\u0107 HEP-a. Iako je ta pomo\u0107, uz pojedine financijske donacije omogu\u0107ila po\u010detak rada samoposluge, kroz godinu je priljev donacija u nju bio vrlo slab. Bez vanjske donacije opskrba potrebitih bi bila vrlo slaba. Najvi\u0161e donacija pristi\u017ee uglavnom uz vjerske blagdane (Uskrs i Bo\u017ei\u0107), te se podjela vr\u0161i vezano uz taj period u godini. Organizirano prikupljanje provodi se uz na\u0161e redovne akcije u listopadu i prosincu \u201eSolidarnost na djelu\u201c i \u201eVa\u0161 dar za pravu stvar\u201c.<\/p>\n\n<p><strong>FEAD II &#8211; pomo\u0107 u hrani i higijeni<\/strong><\/p>\n\n<p><img loading=\"lazy\" decoding=\"async\" class=\"  wp-image-432 alignleft\" src=\"https:\/\/gdck-dugoselo.hr\/wp-content\/uploads\/2020\/04\/fead-ii.jpg\" alt=\"FEAD II\" width=\"305\" height=\"186\" \/>Od srpnja 2018. g po\u010deo se na podru\u010dju cijele RH provoditi FEAD II projekt pomo\u0107i u hrani i higijeni socijalno ugro\u017eenim obiteljima i pojedincima. Kako se na na\u0161em \u0161irem podru\u010dju iz istog izvora provodi i projekt pod nadle\u017eno\u0161\u0107u Caritasa Zagreba\u010dke nadbiskupije, nije dozvoljeno da iste obitelji dobiju pomo\u0107 temeljem oba projekta. Stoga smo kroz nekoliko radnih sastanaka dogovorili koje obitelji \u0107e tko pokrivati. GDCK Dugo Selo na osnovu ovog dogovora kroz 2019.g je pokrivao 511 osoba.<br \/>Tijekom 2018. g temeljem FEAD-a zaprimljeno je i podijeljeno 435 paketa hrane ukupne vrijednosti 54.377,21 kn. Tijekom 2018. g bila je samo jedna podjela paketa hrane iz projekta.<\/p><p>Temeljem FEAD-a zaprimljeno je i podijeljeno u 2019. g 1.619 paketa hrane i 798 paketa higijene ukupne vrijednosti 159.376,oo kn. Tako\u0111er je podijeljeno 900 kg mandarina.<br \/>Drugi FEAD II projekt odnosio se na podjelu \u0161kolskog pribora i opreme. Projekt se provodio u suradnji sa HCK, te GDCK Karlovac. Kroz projekt su podijeljena 92 kompleta za u\u010denike svih na\u0161ih osnovnih \u0161kola.<\/p><p>U tijeku je prijava na novi natje\u010daj za FEAD III projekt kako bi nastavili pru\u017eati pomo\u0107 u hrani i higijeni, te \u0161kolskom priboru i opremi za socijalno ugro\u017eene obitelji i pojedince.<\/p>\n\n<p><strong>Projekt &#8220;Iste mogu\u0107nosti&#8221;<\/strong><\/p><p><img loading=\"lazy\" decoding=\"async\" class=\" size-full wp-image-433 alignleft\" src=\"https:\/\/gdck-dugoselo.hr\/wp-content\/uploads\/2020\/04\/iste-mogucnosti.jpg\" alt=\"Iste mogucnosti\" width=\"300\" height=\"142\" \/>Preko Crvenog kri\u017ea Dugo Selo provodi se projekt \u201eIste mogu\u0107nosti\u201c \u010diji se dio odnosi na pomo\u0107 u hrani za novoro\u0111enu djecu koji godinama financira op\u0107ina Brckovljani, dok tako nabavljenu hranu distribuira Patrona\u017ena slu\u017eba. U sklopu ovog projekta, zahvaljuju\u0107i dodatnim sredstvima \u017dupanije u 2018. g podijeljeno je 16 paketa pelena i potrep\u0161tina za bebe, ali i odre\u0111ene koli\u010dine odje\u0107e i opreme za bebe.<br \/>Kroz ovaj projekt dodatno je podijeljeno u 2018. g\u00a0 i 148 paketa slatki\u0161a i igra\u010daka za djecu (uz dje\u010dje pakete prikupljene u akciji prikupljanja Dje\u010djeg vrti\u0107a Dugo Selo i 39 paketi\u0107a Baptisit\u010dke crkve Dugo Selo), te 55 paketa higijene za u\u010denike za \u201e\u0160kolu u prirodi\u201c.<\/p><p>U 2019. g podjeljeno je 140 paketa slatki\u0161a i igra\u010daka za djecu, te 44 paketa higijene za u\u010denike za \u201e\u0160kolu u prirodi\u201c.<br \/>Kao dio ovog projekta, povodom blagdana Sv. Nikole odr\u017eala se priredba sa podjelom poklona za djecu na\u0161ih korisnika, uz nastup djece o.\u0161. Ivan Benkovi\u0107.<\/p><p><strong>Akcije prikupljanja pomo\u0107i<\/strong><\/p><p><img loading=\"lazy\" decoding=\"async\" class=\" size-full wp-image-434 alignleft\" src=\"https:\/\/gdck-dugoselo.hr\/wp-content\/uploads\/2020\/04\/solidarnost-na-djelu.jpg\" alt=\"Solidarnost na djelu\" width=\"289\" height=\"395\" srcset=\"https:\/\/gdck-dugoselo.hr\/wp-content\/uploads\/2020\/04\/solidarnost-na-djelu.jpg 289w, https:\/\/gdck-dugoselo.hr\/wp-content\/uploads\/2020\/04\/solidarnost-na-djelu-219x300.jpg 219w\" sizes=\"(max-width: 289px) 100vw, 289px\" \/>Tradicionalna jesenska akcija &#8220;Solidarnost na djelu&#8221; provodi se svake godine sredinom listopada. 2019.g u akciji obilaska naselja je bilo uklju\u010deno 75 djece iz \u010detiriju osnovnih \u0161kola, tako da je u kona\u010dnici prikupljeno 7.442,90 kn. Odaziv gra\u0111ana je uvijek vrlo dobar, mada je ve\u0107i broj gra\u0111ana direktno donirao hranu i higijenu.<\/p><p>Svake godine uklju\u010dujemo se u sabirnu akciju \u201eDan narcisa\u201c.\u00a0 U provo\u0111enju akcije Dan narcisa svake godine nam poma\u017eu \u010dlanice Gradske udruge umirovljenika Dugo Selo i SUH-a Dugo Selo, Klub mladih Crvenog kri\u017ea, te se prikupljenim sredstvima poma\u017ee borbi protiv raka dojke.<\/p>","protected":false},"excerpt":{"rendered":"<p>Distribucija humanitarne pomo\u0107i u odje\u0107i i obu\u0107i te\u010de kontinuirano i prema potrebi.Odje\u0107a i obu\u0107a redovno se dijeli svim zainteresiranim osobama.Radi se isklju\u010divo o odje\u0107i i obu\u0107i doniranoj od sugra\u0111ana. Dobra suradnja postoji i sa Patrona\u017enom slu\u017ebom kojoj se prema dojavi poma\u017ee uvijek kad se pojavi potreba. Na isti se na\u010din sura\u0111uje sa \u0161kolama, pri \u010demu &hellip; <a href=\"https:\/\/gdck-dugoselo.hr\/?page_id=143\" class=\"more-link\">Continue reading <span class=\"screen-reader-text\">Humanitarna pomo\u0107<\/span> <span class=\"meta-nav\">&rarr;<\/span><\/a><\/p>\n","protected":false},"author":1,"featured_media":19,"parent":123,"menu_order":0,"comment_status":"closed","ping_status":"closed","template":"","meta":{"footnotes":""},"jetpack_sharing_enabled":true,"_links":{"self":[{"href":"https:\/\/gdck-dugoselo.hr\/index.php?rest_route=\/wp\/v2\/pages\/143"}],"collection":[{"href":"https:\/\/gdck-dugoselo.hr\/index.php?rest_route=\/wp\/v2\/pages"}],"about":[{"href":"https:\/\/gdck-dugoselo.hr\/index.php?rest_route=\/wp\/v2\/types\/page"}],"author":[{"embeddable":true,"href":"https:\/\/gdck-dugoselo.hr\/index.php?rest_route=\/wp\/v2\/users\/1"}],"replies":[{"embeddable":true,"href":"https:\/\/gdck-dugoselo.hr\/index.php?rest_route=%2Fwp%2Fv2%2Fcomments&post=143"}],"version-history":[{"count":0,"href":"https:\/\/gdck-dugoselo.hr\/index.php?rest_route=\/wp\/v2\/pages\/143\/revisions"}],"up":[{"embeddable":true,"href":"https:\/\/gdck-dugoselo.hr\/index.php?rest_route=\/wp\/v2\/pages\/123"}],"wp:featuredmedia":[{"embeddable":true,"href":"https:\/\/gdck-dugoselo.hr\/index.php?rest_route=\/wp\/v2\/media\/19"}],"wp:attachment":[{"href":"https:\/\/gdck-dugoselo.hr\/index.php?rest_route=%2Fwp%2Fv2%2Fmedia&parent=143"}],"curies":[{"name":"wp","href":"https:\/\/api.w.org\/{rel}","templated":true}]}}