{"id":138,"date":"2019-07-30T09:15:47","date_gmt":"2019-07-30T09:15:47","guid":{"rendered":"https:\/\/ckdugoselo.wordpress.com\/?page_id=138"},"modified":"2019-07-30T09:15:47","modified_gmt":"2019-07-30T09:15:47","slug":"sluzba-trazenja","status":"publish","type":"page","link":"https:\/\/gdck-dugoselo.hr\/?page_id=138","title":{"rendered":"Slu\u017eba tra\u017eenja"},"content":{"rendered":"<p><img loading=\"lazy\" decoding=\"async\" class=\" size-full wp-image-357 alignleft\" src=\"https:\/\/gdck-dugoselo.hr\/wp-content\/uploads\/2020\/04\/sluzba-trazenja-2.jpg\" alt=\"Sluzba trazenja 2\" width=\"300\" height=\"224\" \/>Slu\u017eba tra\u017eenja Crvenog kri\u017ea Dugo Selo je sastavni dio jedinstvene Slu\u017ebe tra\u017eenja Hrvatskog Crvenog kri\u017ea, koja ujedno vr\u0161i funkciju Nacionalnog ureda za obavje\u0161\u0107ivanje o \u017ertvama rata i prirodnih katastrofa.<br \/>Rad Slu\u017ebe tra\u017eenja temelji se na \u017denevskim konvencijama, njihovim Dopunskim protokolima, rezolucijama me\u0111unarodnih konferencija Crvenog kri\u017ea i Crvenog polumjeseca o nestalim osobama, Strategiji obnavljanja obiteljskih veza Me\u0111unarodnog pokreta Crvenog kri\u017ea i Crvenog polumjeseca (2008. &#8211; 2018.),\u00a0<a href=\"https:\/\/www.hck.hr\/UserDocsImages\/dokumenti\/HCK glavni dokumenti\/Zakon_o_Hrvatskom_Crvenom_krizu.pdf\" target=\"_blank\" rel=\"noreferrer noopener\">Zakonu o Hrvatskom Crvenom kri\u017eu<\/a>\u00a0(NN br. 71\/2010), te <a href=\"http:\/\/narodne-novine.nn.hr\/clanci\/sluzbeni\/2007_05_52_1703.html\" target=\"_blank\" rel=\"noreferrer noopener\">Pravilniku o Slu\u017ebi tra\u017eenja\u00a0Hrvatskog Crvenog kri\u017ea<\/a> (NN br. 52\/07).<br \/><br \/>Zada\u0107a Slu\u017ebe tra\u017eenja je izvje\u0161\u0107ivanje o \u017ertvama oru\u017eanih sukoba i provo\u0111enje postupaka tra\u017eenja nestalih osoba te omogu\u0107avanje uspostavljanja \u0161to br\u017eeg kontakta me\u0111u razdvojenim \u010dlanovima obitelji.<\/p>","protected":false},"excerpt":{"rendered":"<p>Slu\u017eba tra\u017eenja Crvenog kri\u017ea Dugo Selo je sastavni dio jedinstvene Slu\u017ebe tra\u017eenja Hrvatskog Crvenog kri\u017ea, koja ujedno vr\u0161i funkciju Nacionalnog ureda za obavje\u0161\u0107ivanje o \u017ertvama rata i prirodnih katastrofa.Rad Slu\u017ebe tra\u017eenja temelji se na \u017denevskim konvencijama, njihovim Dopunskim protokolima, rezolucijama me\u0111unarodnih konferencija Crvenog kri\u017ea i Crvenog polumjeseca o nestalim osobama, Strategiji obnavljanja obiteljskih veza Me\u0111unarodnog &hellip; <a href=\"https:\/\/gdck-dugoselo.hr\/?page_id=138\" class=\"more-link\">Continue reading <span class=\"screen-reader-text\">Slu\u017eba tra\u017eenja<\/span> <span class=\"meta-nav\">&rarr;<\/span><\/a><\/p>\n","protected":false},"author":1,"featured_media":354,"parent":123,"menu_order":0,"comment_status":"closed","ping_status":"closed","template":"","meta":{"footnotes":""},"jetpack_sharing_enabled":true,"_links":{"self":[{"href":"https:\/\/gdck-dugoselo.hr\/index.php?rest_route=\/wp\/v2\/pages\/138"}],"collection":[{"href":"https:\/\/gdck-dugoselo.hr\/index.php?rest_route=\/wp\/v2\/pages"}],"about":[{"href":"https:\/\/gdck-dugoselo.hr\/index.php?rest_route=\/wp\/v2\/types\/page"}],"author":[{"embeddable":true,"href":"https:\/\/gdck-dugoselo.hr\/index.php?rest_route=\/wp\/v2\/users\/1"}],"replies":[{"embeddable":true,"href":"https:\/\/gdck-dugoselo.hr\/index.php?rest_route=%2Fwp%2Fv2%2Fcomments&post=138"}],"version-history":[{"count":0,"href":"https:\/\/gdck-dugoselo.hr\/index.php?rest_route=\/wp\/v2\/pages\/138\/revisions"}],"up":[{"embeddable":true,"href":"https:\/\/gdck-dugoselo.hr\/index.php?rest_route=\/wp\/v2\/pages\/123"}],"wp:featuredmedia":[{"embeddable":true,"href":"https:\/\/gdck-dugoselo.hr\/index.php?rest_route=\/wp\/v2\/media\/354"}],"wp:attachment":[{"href":"https:\/\/gdck-dugoselo.hr\/index.php?rest_route=%2Fwp%2Fv2%2Fmedia&parent=138"}],"curies":[{"name":"wp","href":"https:\/\/api.w.org\/{rel}","templated":true}]}}